{"id":438,"date":"2021-01-15T22:56:12","date_gmt":"2021-01-15T22:56:12","guid":{"rendered":"https:\/\/objavtevesmir.sk\/?page_id=438"},"modified":"2022-10-31T13:20:14","modified_gmt":"2022-10-31T13:20:14","slug":"contact","status":"publish","type":"page","link":"https:\/\/www.objavtevesmir.sk\/en\/contact\/","title":{"rendered":"Contact"},"content":{"rendered":"\t\t<div data-elementor-type=\"wp-page\" data-elementor-id=\"438\" class=\"elementor elementor-438\">\n\t\t\t\t\t\t<section class=\"elementor-section elementor-top-section elementor-element elementor-element-f1ccf24 elementor-section-boxed elementor-section-height-default elementor-section-height-default\" data-id=\"f1ccf24\" data-element_type=\"section\" data-settings=\"{&quot;background_background&quot;:&quot;classic&quot;}\">\n\t\t\t\t\t\t<div class=\"elementor-container elementor-column-gap-default\">\n\t\t\t\t\t<div class=\"elementor-column elementor-col-100 elementor-top-column elementor-element elementor-element-66e164a\" data-id=\"66e164a\" data-element_type=\"column\">\n\t\t\t<div class=\"elementor-widget-wrap elementor-element-populated\">\n\t\t\t\t\t\t<div class=\"elementor-element elementor-element-06ee717 elementor-widget elementor-widget-spacer\" data-id=\"06ee717\" data-element_type=\"widget\" data-widget_type=\"spacer.default\">\n\t\t\t\t<div class=\"elementor-widget-container\">\n\t\t\t\t\t\t\t<div class=\"elementor-spacer\">\n\t\t\t<div class=\"elementor-spacer-inner\"><\/div>\n\t\t<\/div>\n\t\t\t\t\t\t<\/div>\n\t\t\t\t<\/div>\n\t\t\t\t<div class=\"elementor-element elementor-element-a7036e5 elementor-widget elementor-widget-heading\" data-id=\"a7036e5\" data-element_type=\"widget\" data-widget_type=\"heading.default\">\n\t\t\t\t<div class=\"elementor-widget-container\">\n\t\t\t\t\t<h1 class=\"elementor-heading-title elementor-size-default\">Contact Us<\/h1>\t\t\t\t<\/div>\n\t\t\t\t<\/div>\n\t\t\t\t<div class=\"elementor-element elementor-element-21d15d5 elementor-widget elementor-widget-text-editor\" data-id=\"21d15d5\" data-element_type=\"widget\" data-widget_type=\"text-editor.default\">\n\t\t\t\t<div class=\"elementor-widget-container\">\n\t\t\t\t\t\t\t\t\t<p>We are ready to help you with any of your space questions.<\/p>\t\t\t\t\t\t\t\t<\/div>\n\t\t\t\t<\/div>\n\t\t\t\t<div class=\"elementor-element elementor-element-5789484 elementor-hidden-phone elementor-widget elementor-widget-spacer\" data-id=\"5789484\" data-element_type=\"widget\" data-widget_type=\"spacer.default\">\n\t\t\t\t<div class=\"elementor-widget-container\">\n\t\t\t\t\t\t\t<div class=\"elementor-spacer\">\n\t\t\t<div class=\"elementor-spacer-inner\"><\/div>\n\t\t<\/div>\n\t\t\t\t\t\t<\/div>\n\t\t\t\t<\/div>\n\t\t\t\t<section class=\"elementor-section elementor-inner-section elementor-element elementor-element-9f06313 elementor-section-full_width elementor-section-height-default elementor-section-height-default\" data-id=\"9f06313\" data-element_type=\"section\">\n\t\t\t\t\t\t<div class=\"elementor-container elementor-column-gap-default\">\n\t\t\t\t\t<div class=\"elementor-column elementor-col-50 elementor-inner-column elementor-element elementor-element-8b0dd26\" data-id=\"8b0dd26\" data-element_type=\"column\">\n\t\t\t<div class=\"elementor-widget-wrap elementor-element-populated\">\n\t\t\t\t\t\t<div class=\"elementor-element elementor-element-d20ae08 uael-cf7-btn-size-md uael-cf7-check-yes uael-cf7-style-box uael-cf7-input-size-sm uael-cf7-button-left uael-cf7-highlight-style-default elementor-widget elementor-widget-uael-cf7-styler\" data-id=\"d20ae08\" data-element_type=\"widget\" data-widget_type=\"uael-cf7-styler.default\">\n\t\t\t\t<div class=\"elementor-widget-container\">\n\t\t\t\t\t\t\t\t\t<div class = \"uael-cf7-container\">\n\t\t\t\t\t\t<div class = \"uael-cf7 uael-cf7-style elementor-clickable\">\n\t\t\t\t\t\t\n<div class=\"wpcf7 no-js\" id=\"wpcf7-f768-o1\" lang=\"en-US\" dir=\"ltr\" data-wpcf7-id=\"768\">\n<div class=\"screen-reader-response\"><p role=\"status\" aria-live=\"polite\" aria-atomic=\"true\"><\/p> <ul><\/ul><\/div>\n<form action=\"\/en\/wp-json\/wp\/v2\/pages\/438#wpcf7-f768-o1\" method=\"post\" class=\"wpcf7-form init wpcf7-acceptance-as-validation\" aria-label=\"Contact form\" novalidate=\"novalidate\" data-status=\"init\">\n<div style=\"display: none;\">\n<input type=\"hidden\" name=\"_wpcf7\" value=\"768\" \/>\n<input type=\"hidden\" name=\"_wpcf7_version\" value=\"6.0.6\" \/>\n<input type=\"hidden\" name=\"_wpcf7_locale\" value=\"en_US\" \/>\n<input type=\"hidden\" name=\"_wpcf7_unit_tag\" value=\"wpcf7-f768-o1\" \/>\n<input type=\"hidden\" name=\"_wpcf7_container_post\" value=\"0\" \/>\n<input type=\"hidden\" name=\"_wpcf7_posted_data_hash\" value=\"\" \/>\n<\/div>\n<div class=\"uael-cf7-col\">\n\t<p><span><label> First name*<br \/>\n<span class=\"wpcf7-form-control-wrap\" data-name=\"your-name\"><input size=\"40\" maxlength=\"400\" class=\"wpcf7-form-control wpcf7-text wpcf7-validates-as-required\" aria-required=\"true\" aria-invalid=\"false\" value=\"\" type=\"text\" name=\"your-name\" \/><\/span> <\/label> <\/span><br \/>\n<span> <label> Email*<br \/>\n<span class=\"wpcf7-form-control-wrap\" data-name=\"your-email\"><input size=\"40\" maxlength=\"400\" class=\"wpcf7-form-control wpcf7-email wpcf7-validates-as-required wpcf7-text wpcf7-validates-as-email\" aria-required=\"true\" aria-invalid=\"false\" value=\"\" type=\"email\" name=\"your-email\" \/><\/span> <\/label> <\/span>\n\t<\/p>\n<\/div>\n<div class=\"uael-cf7-col\">\n\t<p><span><label> Phone<br \/>\n<span class=\"wpcf7-form-control-wrap\" data-name=\"phone\"><input size=\"40\" maxlength=\"400\" class=\"wpcf7-form-control wpcf7-tel wpcf7-text wpcf7-validates-as-tel\" aria-invalid=\"false\" value=\"\" type=\"tel\" name=\"phone\" \/><\/span> <\/label><\/span>\n\t<\/p>\n<\/div>\n<div class=\"uael-cf7-col\">\n\t<p><span><label> Message*<br \/>\n<span class=\"wpcf7-form-control-wrap\" data-name=\"your-message\"><textarea cols=\"40\" rows=\"10\" maxlength=\"2000\" class=\"wpcf7-form-control wpcf7-textarea\" aria-invalid=\"false\" placeholder=\"Please write us a message\" name=\"your-message\"><\/textarea><\/span> <\/label><\/span>\n\t<\/p>\n<\/div>\n<div class=\"uael-cf7-col\">\n\t<p><span><span class=\"wpcf7-form-control-wrap\" data-name=\"gdpr\"><span class=\"wpcf7-form-control wpcf7-acceptance\"><span class=\"wpcf7-list-item\"><label><input type=\"checkbox\" name=\"gdpr\" value=\"1\" aria-invalid=\"false\" \/><span class=\"wpcf7-list-item-label\">I agree to the processing of my personal data (<a href=\"https:\/\/objavtevesmir.sk\/wp-content\/uploads\/GDPR-ochrana-sukromia.pdf\" target=\"_blank\">GDPR<\/a>). *<\/span><\/label><\/span><\/span><\/span><\/span>\n\t<\/p>\n<\/div>\n<div class=\"uael-cf7-col\">\n\t<p><span><input class=\"wpcf7-form-control wpcf7-submit has-spinner\" type=\"submit\" value=\"Send message\" \/><\/span>\n\t<\/p>\n<\/div><div class=\"wpcf7-response-output\" aria-hidden=\"true\"><\/div>\n<\/form>\n<\/div>\n\t\t\t\t\t<\/div>\n\t\t\t\t<\/div>\n\t\t\t\t\t\t\t\t<\/div>\n\t\t\t\t<\/div>\n\t\t\t\t\t<\/div>\n\t\t<\/div>\n\t\t\t\t<div class=\"elementor-column elementor-col-50 elementor-inner-column elementor-element elementor-element-181f341\" data-id=\"181f341\" data-element_type=\"column\">\n\t\t\t<div class=\"elementor-widget-wrap elementor-element-populated\">\n\t\t\t\t\t\t<div class=\"elementor-element elementor-element-a2dd9df elementor-widget elementor-widget-text-editor\" data-id=\"a2dd9df\" data-element_type=\"widget\" data-widget_type=\"text-editor.default\">\n\t\t\t\t<div class=\"elementor-widget-container\">\n\t\t\t\t\t\t\t\t\t<div><strong>AuLea s.r.o.<\/strong><\/div>\t\t\t\t\t\t\t\t<\/div>\n\t\t\t\t<\/div>\n\t\t\t\t<div class=\"elementor-element elementor-element-182fce3 elementor-widget elementor-widget-text-editor\" data-id=\"182fce3\" data-element_type=\"widget\" data-widget_type=\"text-editor.default\">\n\t\t\t\t<div class=\"elementor-widget-container\">\n\t\t\t\t\t\t\t\t\t<p>P\u0161eni\u010dn\u00e1 10<br \/>Bratislava 821 06<br \/>Slovakia<\/p>\t\t\t\t\t\t\t\t<\/div>\n\t\t\t\t<\/div>\n\t\t\t\t\t<\/div>\n\t\t<\/div>\n\t\t\t\t\t<\/div>\n\t\t<\/section>\n\t\t\t\t<div class=\"elementor-element elementor-element-6c0cfea elementor-widget elementor-widget-spacer\" data-id=\"6c0cfea\" data-element_type=\"widget\" data-widget_type=\"spacer.default\">\n\t\t\t\t<div class=\"elementor-widget-container\">\n\t\t\t\t\t\t\t<div class=\"elementor-spacer\">\n\t\t\t<div class=\"elementor-spacer-inner\"><\/div>\n\t\t<\/div>\n\t\t\t\t\t\t<\/div>\n\t\t\t\t<\/div>\n\t\t\t\t\t<\/div>\n\t\t<\/div>\n\t\t\t\t\t<\/div>\n\t\t<\/section>\n\t\t\t\t<\/div>\n\t\t","protected":false},"excerpt":{"rendered":"<p>Contact Us We are ready to help you with any of your space questions. First name* Email* Phone Message* I agree to the processing of my personal data (GDPR). * AuLea s.r.o. P\u0161eni\u010dn\u00e1 10Bratislava 821 06Slovakia<\/p>\n","protected":false},"author":1,"featured_media":0,"parent":0,"menu_order":0,"comment_status":"closed","ping_status":"closed","template":"","meta":{"footnotes":""},"class_list":["post-438","page","type-page","status-publish"],"yoast_head":"<!-- This site is optimized with the Yoast SEO plugin v25.1 - https:\/\/yoast.com\/wordpress\/plugins\/seo\/ -->\n<title>Solar system 3D model | Astronomer&#039;s Guide | Contact Us<\/title>\n<meta name=\"description\" content=\"Need more information about 3D solar system product or our Astronomer&#039;s Guide? Are you a space fan or edu establishment?\u2705Leave us a message.\" \/>\n<meta name=\"robots\" content=\"index, follow, max-snippet:-1, max-image-preview:large, max-video-preview:-1\" \/>\n<link rel=\"canonical\" href=\"https:\/\/www.objavtevesmir.sk\/kontakt\/\" \/>\n<meta property=\"og:locale\" content=\"en_US\" \/>\n<meta property=\"og:type\" content=\"article\" \/>\n<meta property=\"og:title\" content=\"Solar system 3D model | Astronomer&#039;s Guide | Contact Us\" \/>\n<meta property=\"og:description\" content=\"Need more information about 3D solar system product or our Astronomer&#039;s Guide? Are you a space fan or edu establishment?\u2705Leave us a message.\" \/>\n<meta property=\"og:url\" content=\"https:\/\/www.objavtevesmir.sk\/kontakt\/\" \/>\n<meta property=\"og:site_name\" content=\"Scope Solar System\" \/>\n<meta property=\"article:publisher\" content=\"https:\/\/www.facebook.com\/SolarSystemScopeModels\" \/>\n<meta property=\"article:modified_time\" content=\"2022-10-31T13:20:14+00:00\" \/>\n<meta name=\"twitter:card\" content=\"summary_large_image\" \/>\n<meta name=\"twitter:site\" content=\"@solarsystscope\" \/>\n<meta name=\"twitter:label1\" content=\"Est. reading time\" \/>\n\t<meta name=\"twitter:data1\" content=\"1 minute\" \/>\n<script type=\"application\/ld+json\" class=\"yoast-schema-graph\">{\"@context\":\"https:\/\/schema.org\",\"@graph\":[{\"@type\":\"WebPage\",\"@id\":\"https:\/\/www.objavtevesmir.sk\/kontakt\/\",\"url\":\"https:\/\/www.objavtevesmir.sk\/kontakt\/\",\"name\":\"Solar system 3D model | Astronomer's Guide | Contact Us\",\"isPartOf\":{\"@id\":\"https:\/\/www.objavtevesmir.sk\/#website\"},\"datePublished\":\"2021-01-15T22:56:12+00:00\",\"dateModified\":\"2022-10-31T13:20:14+00:00\",\"description\":\"Need more information about 3D solar system product or our Astronomer's Guide? Are you a space fan or edu establishment?\u2705Leave us a message.\",\"breadcrumb\":{\"@id\":\"https:\/\/www.objavtevesmir.sk\/kontakt\/#breadcrumb\"},\"inLanguage\":\"en-US\",\"potentialAction\":[{\"@type\":\"ReadAction\",\"target\":[\"https:\/\/www.objavtevesmir.sk\/kontakt\/\"]}]},{\"@type\":\"BreadcrumbList\",\"@id\":\"https:\/\/www.objavtevesmir.sk\/kontakt\/#breadcrumb\",\"itemListElement\":[{\"@type\":\"ListItem\",\"position\":1,\"name\":\"Home\",\"item\":\"https:\/\/www.objavtevesmir.sk\/\"},{\"@type\":\"ListItem\",\"position\":2,\"name\":\"Contact\"}]},{\"@type\":\"WebSite\",\"@id\":\"https:\/\/www.objavtevesmir.sk\/#website\",\"url\":\"https:\/\/www.objavtevesmir.sk\/\",\"name\":\"Objavte vesm\u00edr - Scope Solar System\",\"description\":\"Encyklop\u00e9dia vesm\u00edru - Sprievodca vesm\u00edrom 5 v 1 - S\u00faprava Objavte vesm\u00edr - Teleskop Sky Horizon Travel 70\",\"publisher\":{\"@id\":\"https:\/\/www.objavtevesmir.sk\/#organization\"},\"potentialAction\":[{\"@type\":\"SearchAction\",\"target\":{\"@type\":\"EntryPoint\",\"urlTemplate\":\"https:\/\/www.objavtevesmir.sk\/?s={search_term_string}\"},\"query-input\":{\"@type\":\"PropertyValueSpecification\",\"valueRequired\":true,\"valueName\":\"search_term_string\"}}],\"inLanguage\":\"en-US\"},{\"@type\":\"Organization\",\"@id\":\"https:\/\/www.objavtevesmir.sk\/#organization\",\"name\":\"Objavte vesm\u00edr - Scope Solar System\",\"url\":\"https:\/\/www.objavtevesmir.sk\/\",\"logo\":{\"@type\":\"ImageObject\",\"inLanguage\":\"en-US\",\"@id\":\"https:\/\/www.objavtevesmir.sk\/#\/schema\/logo\/image\/\",\"url\":\"https:\/\/www.objavtevesmir.sk\/wp-content\/uploads\/Standard-SSS-White.png\",\"contentUrl\":\"https:\/\/www.objavtevesmir.sk\/wp-content\/uploads\/Standard-SSS-White.png\",\"width\":1200,\"height\":600,\"caption\":\"Objavte vesm\u00edr - Scope Solar System\"},\"image\":{\"@id\":\"https:\/\/www.objavtevesmir.sk\/#\/schema\/logo\/image\/\"},\"sameAs\":[\"https:\/\/www.facebook.com\/SolarSystemScopeModels\",\"https:\/\/x.com\/solarsystscope\",\"https:\/\/www.instagram.com\/solarsystemscopecom\/\",\"https:\/\/www.youtube.com\/channel\/UChaP_76AoaQXylXkcP6PNoQ\"]}]}<\/script>\n<!-- \/ Yoast SEO plugin. -->","yoast_head_json":{"title":"Solar system 3D model | Astronomer's Guide | Contact Us","description":"Need more information about 3D solar system product or our Astronomer's Guide? Are you a space fan or edu establishment?\u2705Leave us a message.","robots":{"index":"index","follow":"follow","max-snippet":"max-snippet:-1","max-image-preview":"max-image-preview:large","max-video-preview":"max-video-preview:-1"},"canonical":"https:\/\/www.objavtevesmir.sk\/kontakt\/","og_locale":"en_US","og_type":"article","og_title":"Solar system 3D model | Astronomer's Guide | Contact Us","og_description":"Need more information about 3D solar system product or our Astronomer's Guide? Are you a space fan or edu establishment?\u2705Leave us a message.","og_url":"https:\/\/www.objavtevesmir.sk\/kontakt\/","og_site_name":"Scope Solar System","article_publisher":"https:\/\/www.facebook.com\/SolarSystemScopeModels","article_modified_time":"2022-10-31T13:20:14+00:00","twitter_card":"summary_large_image","twitter_site":"@solarsystscope","twitter_misc":{"Est. reading time":"1 minute"},"schema":{"@context":"https:\/\/schema.org","@graph":[{"@type":"WebPage","@id":"https:\/\/www.objavtevesmir.sk\/kontakt\/","url":"https:\/\/www.objavtevesmir.sk\/kontakt\/","name":"Solar system 3D model | Astronomer's Guide | Contact Us","isPartOf":{"@id":"https:\/\/www.objavtevesmir.sk\/#website"},"datePublished":"2021-01-15T22:56:12+00:00","dateModified":"2022-10-31T13:20:14+00:00","description":"Need more information about 3D solar system product or our Astronomer's Guide? Are you a space fan or edu establishment?\u2705Leave us a message.","breadcrumb":{"@id":"https:\/\/www.objavtevesmir.sk\/kontakt\/#breadcrumb"},"inLanguage":"en-US","potentialAction":[{"@type":"ReadAction","target":["https:\/\/www.objavtevesmir.sk\/kontakt\/"]}]},{"@type":"BreadcrumbList","@id":"https:\/\/www.objavtevesmir.sk\/kontakt\/#breadcrumb","itemListElement":[{"@type":"ListItem","position":1,"name":"Home","item":"https:\/\/www.objavtevesmir.sk\/"},{"@type":"ListItem","position":2,"name":"Contact"}]},{"@type":"WebSite","@id":"https:\/\/www.objavtevesmir.sk\/#website","url":"https:\/\/www.objavtevesmir.sk\/","name":"Objavte vesm\u00edr - Scope Solar System","description":"Encyklop\u00e9dia vesm\u00edru - Sprievodca vesm\u00edrom 5 v 1 - S\u00faprava Objavte vesm\u00edr - Teleskop Sky Horizon Travel 70","publisher":{"@id":"https:\/\/www.objavtevesmir.sk\/#organization"},"potentialAction":[{"@type":"SearchAction","target":{"@type":"EntryPoint","urlTemplate":"https:\/\/www.objavtevesmir.sk\/?s={search_term_string}"},"query-input":{"@type":"PropertyValueSpecification","valueRequired":true,"valueName":"search_term_string"}}],"inLanguage":"en-US"},{"@type":"Organization","@id":"https:\/\/www.objavtevesmir.sk\/#organization","name":"Objavte vesm\u00edr - Scope Solar System","url":"https:\/\/www.objavtevesmir.sk\/","logo":{"@type":"ImageObject","inLanguage":"en-US","@id":"https:\/\/www.objavtevesmir.sk\/#\/schema\/logo\/image\/","url":"https:\/\/www.objavtevesmir.sk\/wp-content\/uploads\/Standard-SSS-White.png","contentUrl":"https:\/\/www.objavtevesmir.sk\/wp-content\/uploads\/Standard-SSS-White.png","width":1200,"height":600,"caption":"Objavte vesm\u00edr - Scope Solar System"},"image":{"@id":"https:\/\/www.objavtevesmir.sk\/#\/schema\/logo\/image\/"},"sameAs":["https:\/\/www.facebook.com\/SolarSystemScopeModels","https:\/\/x.com\/solarsystscope","https:\/\/www.instagram.com\/solarsystemscopecom\/","https:\/\/www.youtube.com\/channel\/UChaP_76AoaQXylXkcP6PNoQ"]}]}},"_links":{"self":[{"href":"https:\/\/www.objavtevesmir.sk\/en\/wp-json\/wp\/v2\/pages\/438","targetHints":{"allow":["GET"]}}],"collection":[{"href":"https:\/\/www.objavtevesmir.sk\/en\/wp-json\/wp\/v2\/pages"}],"about":[{"href":"https:\/\/www.objavtevesmir.sk\/en\/wp-json\/wp\/v2\/types\/page"}],"author":[{"embeddable":true,"href":"https:\/\/www.objavtevesmir.sk\/en\/wp-json\/wp\/v2\/users\/1"}],"replies":[{"embeddable":true,"href":"https:\/\/www.objavtevesmir.sk\/en\/wp-json\/wp\/v2\/comments?post=438"}],"version-history":[{"count":38,"href":"https:\/\/www.objavtevesmir.sk\/en\/wp-json\/wp\/v2\/pages\/438\/revisions"}],"predecessor-version":[{"id":2248,"href":"https:\/\/www.objavtevesmir.sk\/en\/wp-json\/wp\/v2\/pages\/438\/revisions\/2248"}],"wp:attachment":[{"href":"https:\/\/www.objavtevesmir.sk\/en\/wp-json\/wp\/v2\/media?parent=438"}],"curies":[{"name":"wp","href":"https:\/\/api.w.org\/{rel}","templated":true}]}}